{"id":1335,"date":"2024-12-09T22:07:42","date_gmt":"2024-12-09T21:07:42","guid":{"rendered":"https:\/\/juraparkkrasiejow.pl\/wycieczki-szkolne\/?page_id=1335"},"modified":"2025-08-11T14:43:59","modified_gmt":"2025-08-11T12:43:59","slug":"pakiet-park-nauki","status":"publish","type":"page","link":"https:\/\/juraparkkrasiejow.pl\/wycieczki-szkolne\/pakiet-park-nauki\/","title":{"rendered":"Pakiet Park Nauki"},"content":{"rendered":"\t\t<div data-elementor-type=\"wp-page\" data-elementor-id=\"1335\" class=\"elementor elementor-1335\" data-elementor-post-type=\"page\">\n\t\t\t\t<div class=\"elementor-element elementor-element-9ad2ab6 e-flex e-con-boxed e-con e-parent\" data-id=\"9ad2ab6\" data-element_type=\"container\" data-e-type=\"container\">\n\t\t\t\t\t<div class=\"e-con-inner\">\n\t\t\t\t<div class=\"elementor-element elementor-element-7db8e39 elementor-widget elementor-widget-heading\" data-id=\"7db8e39\" data-element_type=\"widget\" data-e-type=\"widget\" data-widget_type=\"heading.default\">\n\t\t\t\t<div class=\"elementor-widget-container\">\n\t\t\t\t\t<h2 class=\"elementor-heading-title elementor-size-default\">Pakiet Park Nauki<\/h2>\t\t\t\t<\/div>\n\t\t\t\t<\/div>\n\t\t\t\t<div class=\"elementor-element elementor-element-523d6d6 elementor-widget-divider--view-line elementor-widget elementor-widget-divider\" data-id=\"523d6d6\" data-element_type=\"widget\" data-e-type=\"widget\" data-widget_type=\"divider.default\">\n\t\t\t\t<div class=\"elementor-widget-container\">\n\t\t\t\t\t\t\t<div class=\"elementor-divider\">\n\t\t\t<span class=\"elementor-divider-separator\">\n\t\t\t\t\t\t<\/span>\n\t\t<\/div>\n\t\t\t\t\t\t<\/div>\n\t\t\t\t<\/div>\n\t\t\t\t\t<\/div>\n\t\t\t\t<\/div>\n\t\t<div class=\"elementor-element elementor-element-f64bcc6 e-flex e-con-boxed e-con e-parent\" data-id=\"f64bcc6\" data-element_type=\"container\" data-e-type=\"container\">\n\t\t\t\t\t<div class=\"e-con-inner\">\n\t\t<div class=\"elementor-element elementor-element-79ee928 e-con-full e-flex e-con e-child\" data-id=\"79ee928\" data-element_type=\"container\" data-e-type=\"container\" data-settings=\"{&quot;background_background&quot;:&quot;classic&quot;}\">\n\t\t\t\t<div class=\"elementor-element elementor-element-84eadb1 elementor-widget elementor-widget-heading\" data-id=\"84eadb1\" data-element_type=\"widget\" data-e-type=\"widget\" data-widget_type=\"heading.default\">\n\t\t\t\t<div class=\"elementor-widget-container\">\n\t\t\t\t\t<h3 class=\"elementor-heading-title elementor-size-default\">Park Nauki i Ewolucji Cz\u0142owieka<\/h3>\t\t\t\t<\/div>\n\t\t\t\t<\/div>\n\t\t\t\t<div class=\"elementor-element elementor-element-7ac90b0 elementor-widget-divider--view-line elementor-widget elementor-widget-divider\" data-id=\"7ac90b0\" data-element_type=\"widget\" data-e-type=\"widget\" data-widget_type=\"divider.default\">\n\t\t\t\t<div class=\"elementor-widget-container\">\n\t\t\t\t\t\t\t<div class=\"elementor-divider\">\n\t\t\t<span class=\"elementor-divider-separator\">\n\t\t\t\t\t\t<\/span>\n\t\t<\/div>\n\t\t\t\t\t\t<\/div>\n\t\t\t\t<\/div>\n\t\t\t\t<div class=\"elementor-element elementor-element-17cfd5d elementor-widget elementor-widget-text-editor\" data-id=\"17cfd5d\" data-element_type=\"widget\" data-e-type=\"widget\" data-widget_type=\"text-editor.default\">\n\t\t\t\t<div class=\"elementor-widget-container\">\n\t\t\t\t\t\t\t\t\t<ul><li>miejsce, gdzie w nowoczesny spos\u00f3b opowiedziana zostaje historia Nas &#8211; Ludzi, wpl\u0105tanych w zawi\u0142e losy \u015bwiata, rozpoczynaj\u0105c podr\u00f3\u017c blisko 66 mln lat temu, po czasy wsp\u00f3\u0142czesne,<\/li><li><span style=\"font-family: var( --e-global-typography-text-font-family ), Sans-serif; text-align: var(--text-align);\">odkrywanie historii podzielone jest na kilka etap\u00f3w: m.in. zwiedzanie okien prehistorii na pok\u0142adzie wirtualnej stacji kosmicznej oraz ekspozycji sta\u0142ej (tj. m.in. \u201eRozw\u00f3j narz\u0119dzi\u201d, \u201eOetzi\u201d, \u201e\u015awiadectwa ewolucji\u201d, \u201eWszyscy jeste\u015bmy bra\u0107mi\u201d i inne.)<\/span><\/li><li>zwiedzanie odbywa si\u0119 z audioprzewodnikiem w wybranym j\u0119zyku (polskim, niemieckim, angielskim lub czeskim)<p>CZAS \u2013 60 min,<\/p><\/li><\/ul>\t\t\t\t\t\t\t\t<\/div>\n\t\t\t\t<\/div>\n\t\t\t\t<\/div>\n\t\t<div class=\"elementor-element elementor-element-85984be e-con-full e-flex e-con e-child\" data-id=\"85984be\" data-element_type=\"container\" data-e-type=\"container\" data-settings=\"{&quot;background_background&quot;:&quot;classic&quot;}\">\n\t\t\t\t<div class=\"elementor-element elementor-element-7e2e422 elementor-widget elementor-widget-image\" data-id=\"7e2e422\" data-element_type=\"widget\" data-e-type=\"widget\" data-widget_type=\"image.default\">\n\t\t\t\t<div class=\"elementor-widget-container\">\n\t\t\t\t\t\t\t\t\t\t\t\t\t\t\t<img loading=\"lazy\" decoding=\"async\" loading=\"lazy\" width=\"800\" height=\"533\" src=\"https:\/\/juraparkkrasiejow.pl\/wycieczki-szkolne\/wp-content\/uploads\/2025\/01\/DSC02826.jpg\" class=\"attachment-large size-large wp-image-1662\" alt=\"\" srcset=\"https:\/\/juraparkkrasiejow.pl\/wycieczki-szkolne\/wp-content\/uploads\/2025\/01\/DSC02826.jpg 900w, https:\/\/juraparkkrasiejow.pl\/wycieczki-szkolne\/wp-content\/uploads\/2025\/01\/DSC02826-300x200.jpg 300w, https:\/\/juraparkkrasiejow.pl\/wycieczki-szkolne\/wp-content\/uploads\/2025\/01\/DSC02826-768x512.jpg 768w\" sizes=\"auto, (max-width: 800px) 100vw, 800px\" \/>\t\t\t\t\t\t\t\t\t\t\t\t\t\t\t<\/div>\n\t\t\t\t<\/div>\n\t\t\t\t<div class=\"elementor-element elementor-element-aeb02fc elementor-widget elementor-widget-image\" data-id=\"aeb02fc\" data-element_type=\"widget\" data-e-type=\"widget\" data-widget_type=\"image.default\">\n\t\t\t\t<div class=\"elementor-widget-container\">\n\t\t\t\t\t\t\t\t\t\t\t\t\t\t\t<img loading=\"lazy\" decoding=\"async\" loading=\"lazy\" width=\"800\" height=\"533\" src=\"https:\/\/juraparkkrasiejow.pl\/wycieczki-szkolne\/wp-content\/uploads\/2025\/01\/DSC02729.jpg\" class=\"attachment-large size-large wp-image-1686\" alt=\"\" srcset=\"https:\/\/juraparkkrasiejow.pl\/wycieczki-szkolne\/wp-content\/uploads\/2025\/01\/DSC02729.jpg 900w, https:\/\/juraparkkrasiejow.pl\/wycieczki-szkolne\/wp-content\/uploads\/2025\/01\/DSC02729-300x200.jpg 300w, https:\/\/juraparkkrasiejow.pl\/wycieczki-szkolne\/wp-content\/uploads\/2025\/01\/DSC02729-768x512.jpg 768w\" sizes=\"auto, (max-width: 800px) 100vw, 800px\" \/>\t\t\t\t\t\t\t\t\t\t\t\t\t\t\t<\/div>\n\t\t\t\t<\/div>\n\t\t\t\t<\/div>\n\t\t\t\t\t<\/div>\n\t\t\t\t<\/div>\n\t\t<div class=\"elementor-element elementor-element-173faee e-flex e-con-boxed e-con e-parent\" data-id=\"173faee\" data-element_type=\"container\" data-e-type=\"container\">\n\t\t\t\t\t<div class=\"e-con-inner\">\n\t\t<div class=\"elementor-element elementor-element-865c237 e-con-full e-flex e-con e-child\" data-id=\"865c237\" data-element_type=\"container\" data-e-type=\"container\" data-settings=\"{&quot;background_background&quot;:&quot;classic&quot;}\">\n\t\t\t\t<div class=\"elementor-element elementor-element-f53fa0c elementor-widget elementor-widget-button\" data-id=\"f53fa0c\" data-element_type=\"widget\" data-e-type=\"widget\" data-widget_type=\"button.default\">\n\t\t\t\t<div class=\"elementor-widget-container\">\n\t\t\t\t\t\t\t\t\t<div class=\"elementor-button-wrapper\">\n\t\t\t\t\t<a class=\"elementor-button elementor-button-link elementor-size-lg\" href=\"#dodatkowe-atrakcje\">\n\t\t\t\t\t\t<span class=\"elementor-button-content-wrapper\">\n\t\t\t\t\t\t\t\t\t<span class=\"elementor-button-text\">Dodatkowe atrakcje<\/span>\n\t\t\t\t\t<\/span>\n\t\t\t\t\t<\/a>\n\t\t\t\t<\/div>\n\t\t\t\t\t\t\t\t<\/div>\n\t\t\t\t<\/div>\n\t\t\t\t<div class=\"elementor-element elementor-element-15b400c elementor-widget elementor-widget-button\" data-id=\"15b400c\" data-element_type=\"widget\" data-e-type=\"widget\" data-widget_type=\"button.default\">\n\t\t\t\t<div class=\"elementor-widget-container\">\n\t\t\t\t\t\t\t\t\t<div class=\"elementor-button-wrapper\">\n\t\t\t\t\t<a class=\"elementor-button elementor-button-link elementor-size-lg\" href=\"#gastronomia\">\n\t\t\t\t\t\t<span class=\"elementor-button-content-wrapper\">\n\t\t\t\t\t\t\t\t\t<span class=\"elementor-button-text\">Gastronomia<\/span>\n\t\t\t\t\t<\/span>\n\t\t\t\t\t<\/a>\n\t\t\t\t<\/div>\n\t\t\t\t\t\t\t\t<\/div>\n\t\t\t\t<\/div>\n\t\t\t\t<div class=\"elementor-element elementor-element-e3db1e0 elementor-widget elementor-widget-button\" data-id=\"e3db1e0\" data-element_type=\"widget\" data-e-type=\"widget\" data-widget_type=\"button.default\">\n\t\t\t\t<div class=\"elementor-widget-container\">\n\t\t\t\t\t\t\t\t\t<div class=\"elementor-button-wrapper\">\n\t\t\t\t\t<a class=\"elementor-button elementor-button-link elementor-size-lg\" href=\"#rezerwuj\">\n\t\t\t\t\t\t<span class=\"elementor-button-content-wrapper\">\n\t\t\t\t\t\t\t\t\t<span class=\"elementor-button-text\">Rezerwuj<\/span>\n\t\t\t\t\t<\/span>\n\t\t\t\t\t<\/a>\n\t\t\t\t<\/div>\n\t\t\t\t\t\t\t\t<\/div>\n\t\t\t\t<\/div>\n\t\t\t\t<\/div>\n\t\t\t\t\t<\/div>\n\t\t\t\t<\/div>\n\t\t<div class=\"elementor-element elementor-element-a6e819a e-flex e-con-boxed e-con e-parent\" data-id=\"a6e819a\" data-element_type=\"container\" data-e-type=\"container\">\n\t\t\t\t\t<div class=\"e-con-inner\">\n\t\t\t\t<div class=\"elementor-element elementor-element-55db0d4 elementor-widget elementor-widget-heading\" data-id=\"55db0d4\" data-element_type=\"widget\" data-e-type=\"widget\" data-widget_type=\"heading.default\">\n\t\t\t\t<div class=\"elementor-widget-container\">\n\t\t\t\t\t<h2 class=\"elementor-heading-title elementor-size-default\">Inne pakiety<\/h2>\t\t\t\t<\/div>\n\t\t\t\t<\/div>\n\t\t\t\t<div class=\"elementor-element elementor-element-ae5498b elementor-widget-divider--view-line elementor-widget elementor-widget-divider\" data-id=\"ae5498b\" data-element_type=\"widget\" data-e-type=\"widget\" data-widget_type=\"divider.default\">\n\t\t\t\t<div class=\"elementor-widget-container\">\n\t\t\t\t\t\t\t<div class=\"elementor-divider\">\n\t\t\t<span class=\"elementor-divider-separator\">\n\t\t\t\t\t\t<\/span>\n\t\t<\/div>\n\t\t\t\t\t\t<\/div>\n\t\t\t\t<\/div>\n\t\t\t\t\t<\/div>\n\t\t\t\t<\/div>\n\t\t<div class=\"elementor-element elementor-element-36b6843 e-flex e-con-boxed e-con e-parent\" data-id=\"36b6843\" data-element_type=\"container\" data-e-type=\"container\">\n\t\t\t\t\t<div class=\"e-con-inner\">\n\t\t<div class=\"elementor-element elementor-element-422d973 e-con-full e-flex e-con e-child\" data-id=\"422d973\" data-element_type=\"container\" data-e-type=\"container\" data-settings=\"{&quot;background_background&quot;:&quot;classic&quot;}\">\n\t\t\t\t<div class=\"elementor-element elementor-element-93487dc elementor-widget elementor-widget-image\" data-id=\"93487dc\" data-element_type=\"widget\" data-e-type=\"widget\" data-widget_type=\"image.default\">\n\t\t\t\t<div class=\"elementor-widget-container\">\n\t\t\t\t\t\t\t\t\t\t\t\t\t\t\t<img loading=\"lazy\" decoding=\"async\" loading=\"lazy\" width=\"225\" height=\"300\" src=\"https:\/\/juraparkkrasiejow.pl\/wycieczki-szkolne\/wp-content\/uploads\/2025\/01\/pakiet-jurapark-225x300.png\" class=\"attachment-medium size-medium wp-image-1537\" alt=\"\" srcset=\"https:\/\/juraparkkrasiejow.pl\/wycieczki-szkolne\/wp-content\/uploads\/2025\/01\/pakiet-jurapark-225x300.png 225w, https:\/\/juraparkkrasiejow.pl\/wycieczki-szkolne\/wp-content\/uploads\/2025\/01\/pakiet-jurapark.png 600w\" sizes=\"auto, (max-width: 225px) 100vw, 225px\" \/>\t\t\t\t\t\t\t\t\t\t\t\t\t\t\t<\/div>\n\t\t\t\t<\/div>\n\t\t\t\t<div class=\"elementor-element elementor-element-cbfcd43 elementor-widget elementor-widget-heading\" data-id=\"cbfcd43\" data-element_type=\"widget\" data-e-type=\"widget\" data-widget_type=\"heading.default\">\n\t\t\t\t<div class=\"elementor-widget-container\">\n\t\t\t\t\t<h2 class=\"elementor-heading-title elementor-size-default\">Pakiet <br>JuraPark<\/h2>\t\t\t\t<\/div>\n\t\t\t\t<\/div>\n\t\t\t\t<div class=\"elementor-element elementor-element-f551795 elementor-align-center elementor-widget__width-auto elementor-mobile-align-justify elementor-widget elementor-widget-button\" data-id=\"f551795\" data-element_type=\"widget\" data-e-type=\"widget\" data-widget_type=\"button.default\">\n\t\t\t\t<div class=\"elementor-widget-container\">\n\t\t\t\t\t\t\t\t\t<div class=\"elementor-button-wrapper\">\n\t\t\t\t\t<a class=\"elementor-button elementor-button-link elementor-size-md\" href=\"https:\/\/juraparkkrasiejow.pl\/wycieczki-szkolne\/pakiet-jurapark\/\">\n\t\t\t\t\t\t<span class=\"elementor-button-content-wrapper\">\n\t\t\t\t\t\t\t\t\t<span class=\"elementor-button-text\">Sprawd\u017a<\/span>\n\t\t\t\t\t<\/span>\n\t\t\t\t\t<\/a>\n\t\t\t\t<\/div>\n\t\t\t\t\t\t\t\t<\/div>\n\t\t\t\t<\/div>\n\t\t\t\t<\/div>\n\t\t<div class=\"elementor-element elementor-element-481e36e e-con-full e-flex e-con e-child\" data-id=\"481e36e\" data-element_type=\"container\" data-e-type=\"container\" data-settings=\"{&quot;background_background&quot;:&quot;classic&quot;}\">\n\t\t\t\t<div class=\"elementor-element elementor-element-268faf3 elementor-widget elementor-widget-image\" data-id=\"268faf3\" data-element_type=\"widget\" data-e-type=\"widget\" data-widget_type=\"image.default\">\n\t\t\t\t<div class=\"elementor-widget-container\">\n\t\t\t\t\t\t\t\t\t\t\t\t\t\t\t<img loading=\"lazy\" decoding=\"async\" loading=\"lazy\" width=\"225\" height=\"300\" src=\"https:\/\/juraparkkrasiejow.pl\/wycieczki-szkolne\/wp-content\/uploads\/2025\/01\/pakiet-kompleksowy-225x300.png\" class=\"attachment-medium size-medium wp-image-1535\" alt=\"\" srcset=\"https:\/\/juraparkkrasiejow.pl\/wycieczki-szkolne\/wp-content\/uploads\/2025\/01\/pakiet-kompleksowy-225x300.png 225w, https:\/\/juraparkkrasiejow.pl\/wycieczki-szkolne\/wp-content\/uploads\/2025\/01\/pakiet-kompleksowy.png 600w\" sizes=\"auto, (max-width: 225px) 100vw, 225px\" \/>\t\t\t\t\t\t\t\t\t\t\t\t\t\t\t<\/div>\n\t\t\t\t<\/div>\n\t\t\t\t<div class=\"elementor-element elementor-element-cc22474 elementor-widget elementor-widget-heading\" data-id=\"cc22474\" data-element_type=\"widget\" data-e-type=\"widget\" data-widget_type=\"heading.default\">\n\t\t\t\t<div class=\"elementor-widget-container\">\n\t\t\t\t\t<h2 class=\"elementor-heading-title elementor-size-default\">Pakiet Kompleksowy<\/h2>\t\t\t\t<\/div>\n\t\t\t\t<\/div>\n\t\t\t\t<div class=\"elementor-element elementor-element-0456c7d elementor-align-center elementor-widget__width-auto elementor-widget elementor-widget-button\" data-id=\"0456c7d\" data-element_type=\"widget\" data-e-type=\"widget\" data-widget_type=\"button.default\">\n\t\t\t\t<div class=\"elementor-widget-container\">\n\t\t\t\t\t\t\t\t\t<div class=\"elementor-button-wrapper\">\n\t\t\t\t\t<a class=\"elementor-button elementor-button-link elementor-size-md\" href=\"https:\/\/juraparkkrasiejow.pl\/wycieczki-szkolne\/pakiet-kompleksowy\/\">\n\t\t\t\t\t\t<span class=\"elementor-button-content-wrapper\">\n\t\t\t\t\t\t\t\t\t<span class=\"elementor-button-text\">Sprawd\u017a<\/span>\n\t\t\t\t\t<\/span>\n\t\t\t\t\t<\/a>\n\t\t\t\t<\/div>\n\t\t\t\t\t\t\t\t<\/div>\n\t\t\t\t<\/div>\n\t\t\t\t<\/div>\n\t\t<div class=\"elementor-element elementor-element-1091a7b e-con-full e-flex e-con e-child\" data-id=\"1091a7b\" data-element_type=\"container\" data-e-type=\"container\" data-settings=\"{&quot;background_background&quot;:&quot;classic&quot;}\">\n\t\t\t\t<div class=\"elementor-element elementor-element-f3d385c elementor-widget elementor-widget-image\" data-id=\"f3d385c\" data-element_type=\"widget\" data-e-type=\"widget\" data-widget_type=\"image.default\">\n\t\t\t\t<div class=\"elementor-widget-container\">\n\t\t\t\t\t\t\t\t\t\t\t\t\t\t\t<img loading=\"lazy\" decoding=\"async\" loading=\"lazy\" width=\"225\" height=\"300\" src=\"https:\/\/juraparkkrasiejow.pl\/wycieczki-szkolne\/wp-content\/uploads\/2025\/01\/pakiet-przedszkolaka-225x300.png\" class=\"attachment-medium size-medium wp-image-1536\" alt=\"\" srcset=\"https:\/\/juraparkkrasiejow.pl\/wycieczki-szkolne\/wp-content\/uploads\/2025\/01\/pakiet-przedszkolaka-225x300.png 225w, https:\/\/juraparkkrasiejow.pl\/wycieczki-szkolne\/wp-content\/uploads\/2025\/01\/pakiet-przedszkolaka.png 600w\" sizes=\"auto, (max-width: 225px) 100vw, 225px\" \/>\t\t\t\t\t\t\t\t\t\t\t\t\t\t\t<\/div>\n\t\t\t\t<\/div>\n\t\t\t\t<div class=\"elementor-element elementor-element-62aab70 elementor-widget elementor-widget-heading\" data-id=\"62aab70\" data-element_type=\"widget\" data-e-type=\"widget\" data-widget_type=\"heading.default\">\n\t\t\t\t<div class=\"elementor-widget-container\">\n\t\t\t\t\t<h2 class=\"elementor-heading-title elementor-size-default\">Pakiet Przedszkolaka<\/h2>\t\t\t\t<\/div>\n\t\t\t\t<\/div>\n\t\t\t\t<div class=\"elementor-element elementor-element-7a77fdd elementor-align-center elementor-widget__width-auto elementor-widget elementor-widget-button\" data-id=\"7a77fdd\" data-element_type=\"widget\" data-e-type=\"widget\" data-widget_type=\"button.default\">\n\t\t\t\t<div class=\"elementor-widget-container\">\n\t\t\t\t\t\t\t\t\t<div class=\"elementor-button-wrapper\">\n\t\t\t\t\t<a class=\"elementor-button elementor-button-link elementor-size-md\" href=\"https:\/\/juraparkkrasiejow.pl\/wycieczki-szkolne\/pakiet-przedszkolaka\/\">\n\t\t\t\t\t\t<span class=\"elementor-button-content-wrapper\">\n\t\t\t\t\t\t\t\t\t<span class=\"elementor-button-text\">Sprawd\u017a<\/span>\n\t\t\t\t\t<\/span>\n\t\t\t\t\t<\/a>\n\t\t\t\t<\/div>\n\t\t\t\t\t\t\t\t<\/div>\n\t\t\t\t<\/div>\n\t\t\t\t<\/div>\n\t\t\t\t\t<\/div>\n\t\t\t\t<\/div>\n\t\t\t\t<\/div>\n\t\t","protected":false},"excerpt":{"rendered":"<p>Pakiet Park Nauki Park Nauki i Ewolucji Cz\u0142owieka miejsce, gdzie w nowoczesny spos\u00f3b opowiedziana zostaje historia Nas &#8211; Ludzi, wpl\u0105tanych w zawi\u0142e losy \u015bwiata, rozpoczynaj\u0105c podr\u00f3\u017c blisko 66 mln lat temu, po czasy wsp\u00f3\u0142czesne, odkrywanie historii podzielone jest na kilka etap\u00f3w: m.in. zwiedzanie okien prehistorii na pok\u0142adzie wirtualnej stacji kosmicznej oraz ekspozycji sta\u0142ej (tj. m.in. [&hellip;]<\/p>\n","protected":false},"author":2,"featured_media":0,"parent":0,"menu_order":0,"comment_status":"closed","ping_status":"closed","template":"","meta":{"footnotes":""},"class_list":["post-1335","page","type-page","status-publish","hentry"],"_links":{"self":[{"href":"https:\/\/juraparkkrasiejow.pl\/wycieczki-szkolne\/wp-json\/wp\/v2\/pages\/1335","targetHints":{"allow":["GET"]}}],"collection":[{"href":"https:\/\/juraparkkrasiejow.pl\/wycieczki-szkolne\/wp-json\/wp\/v2\/pages"}],"about":[{"href":"https:\/\/juraparkkrasiejow.pl\/wycieczki-szkolne\/wp-json\/wp\/v2\/types\/page"}],"author":[{"embeddable":true,"href":"https:\/\/juraparkkrasiejow.pl\/wycieczki-szkolne\/wp-json\/wp\/v2\/users\/2"}],"replies":[{"embeddable":true,"href":"https:\/\/juraparkkrasiejow.pl\/wycieczki-szkolne\/wp-json\/wp\/v2\/comments?post=1335"}],"version-history":[{"count":34,"href":"https:\/\/juraparkkrasiejow.pl\/wycieczki-szkolne\/wp-json\/wp\/v2\/pages\/1335\/revisions"}],"predecessor-version":[{"id":1938,"href":"https:\/\/juraparkkrasiejow.pl\/wycieczki-szkolne\/wp-json\/wp\/v2\/pages\/1335\/revisions\/1938"}],"wp:attachment":[{"href":"https:\/\/juraparkkrasiejow.pl\/wycieczki-szkolne\/wp-json\/wp\/v2\/media?parent=1335"}],"curies":[{"name":"wp","href":"https:\/\/api.w.org\/{rel}","templated":true}]}}