{"id":979,"date":"2024-02-08T14:37:29","date_gmt":"2024-02-08T13:37:29","guid":{"rendered":"https:\/\/juraparkkrasiejow.pl\/wycieczki-szkolne\/?page_id=979"},"modified":"2025-02-05T12:44:27","modified_gmt":"2025-02-05T11:44:27","slug":"zielone-szkoly","status":"publish","type":"page","link":"https:\/\/juraparkkrasiejow.pl\/wycieczki-szkolne\/zielone-szkoly\/","title":{"rendered":"Zielone Szko\u0142y"},"content":{"rendered":"\t\t<div data-elementor-type=\"wp-page\" data-elementor-id=\"979\" class=\"elementor elementor-979\" data-elementor-post-type=\"page\">\n\t\t\t\t<div class=\"elementor-element elementor-element-f0e551f e-flex e-con-boxed e-con e-parent\" data-id=\"f0e551f\" data-element_type=\"container\" data-e-type=\"container\">\n\t\t\t\t\t<div class=\"e-con-inner\">\n\t\t\t\t<div class=\"elementor-element elementor-element-aa3d710 elementor-widget elementor-widget-heading\" data-id=\"aa3d710\" data-element_type=\"widget\" data-e-type=\"widget\" data-widget_type=\"heading.default\">\n\t\t\t\t<div class=\"elementor-widget-container\">\n\t\t\t\t\t<h1 class=\"elementor-heading-title elementor-size-default\">Zielona Szko\u0142a<\/h1>\t\t\t\t<\/div>\n\t\t\t\t<\/div>\n\t\t\t\t<div class=\"elementor-element elementor-element-7a97a4c elementor-widget elementor-widget-heading\" data-id=\"7a97a4c\" data-element_type=\"widget\" data-e-type=\"widget\" data-widget_type=\"heading.default\">\n\t\t\t\t<div class=\"elementor-widget-container\">\n\t\t\t\t\t<h3 class=\"elementor-heading-title elementor-size-default\">2-dniowe i 3-dniowe wycieczki integracyjne<\/h3>\t\t\t\t<\/div>\n\t\t\t\t<\/div>\n\t\t\t\t<div class=\"elementor-element elementor-element-b61e84f elementor-widget elementor-widget-text-editor\" data-id=\"b61e84f\" data-element_type=\"widget\" data-e-type=\"widget\" data-widget_type=\"text-editor.default\">\n\t\t\t\t<div class=\"elementor-widget-container\">\n\t\t\t\t\t\t\t\t\t<p class=\"p1\"><em><strong>Razem stw\u00f3rzmy niezapomniane wspomnienia!<\/strong><\/em><\/p>\t\t\t\t\t\t\t\t<\/div>\n\t\t\t\t<\/div>\n\t\t\t\t\t<\/div>\n\t\t\t\t<\/div>\n\t\t<div class=\"elementor-element elementor-element-317816e e-flex e-con-boxed e-con e-parent\" data-id=\"317816e\" data-element_type=\"container\" data-e-type=\"container\">\n\t\t\t\t\t<div class=\"e-con-inner\">\n\t\t<div class=\"elementor-element elementor-element-806202b e-con-full e-flex e-con e-child\" data-id=\"806202b\" data-element_type=\"container\" data-e-type=\"container\" data-settings=\"{&quot;background_background&quot;:&quot;classic&quot;}\">\n\t\t\t\t<div class=\"elementor-element elementor-element-546d34f elementor-widget elementor-widget-heading\" data-id=\"546d34f\" data-element_type=\"widget\" data-e-type=\"widget\" data-widget_type=\"heading.default\">\n\t\t\t\t<div class=\"elementor-widget-container\">\n\t\t\t\t\t<h4 class=\"elementor-heading-title elementor-size-default\">Wszystko na miejscu:<\/h4>\t\t\t\t<\/div>\n\t\t\t\t<\/div>\n\t\t\t\t<div class=\"elementor-element elementor-element-c16adb0 elementor-widget elementor-widget-text-editor\" data-id=\"c16adb0\" data-element_type=\"widget\" data-e-type=\"widget\" data-widget_type=\"text-editor.default\">\n\t\t\t\t<div class=\"elementor-widget-container\">\n\t\t\t\t\t\t\t\t\t<p>atrakcje, noclegi, gastronomia.<\/p>\t\t\t\t\t\t\t\t<\/div>\n\t\t\t\t<\/div>\n\t\t\t\t<div class=\"elementor-element elementor-element-c640b29 elementor-widget elementor-widget-heading\" data-id=\"c640b29\" data-element_type=\"widget\" data-e-type=\"widget\" data-widget_type=\"heading.default\">\n\t\t\t\t<div class=\"elementor-widget-container\">\n\t\t\t\t\t<h4 class=\"elementor-heading-title elementor-size-default\">Komfortowy wypoczynek<\/h4>\t\t\t\t<\/div>\n\t\t\t\t<\/div>\n\t\t\t\t<div class=\"elementor-element elementor-element-802f823 elementor-widget elementor-widget-text-editor\" data-id=\"802f823\" data-element_type=\"widget\" data-e-type=\"widget\" data-widget_type=\"text-editor.default\">\n\t\t\t\t<div class=\"elementor-widget-container\">\n\t\t\t\t\t\t\t\t\t<p>wygodne pokoje czekaj\u0105 na Ciebie w naszej bazie noclegowej na terenie Parku Nauki i Ewolucji Cz\u0142owieka.<\/p>\t\t\t\t\t\t\t\t<\/div>\n\t\t\t\t<\/div>\n\t\t\t\t<div class=\"elementor-element elementor-element-79d0be1 elementor-widget elementor-widget-heading\" data-id=\"79d0be1\" data-element_type=\"widget\" data-e-type=\"widget\" data-widget_type=\"heading.default\">\n\t\t\t\t<div class=\"elementor-widget-container\">\n\t\t\t\t\t<h4 class=\"elementor-heading-title elementor-size-default\">Atrakcje bez ko\u0144ca<\/h4>\t\t\t\t<\/div>\n\t\t\t\t<\/div>\n\t\t\t\t<div class=\"elementor-element elementor-element-7762672 elementor-widget elementor-widget-text-editor\" data-id=\"7762672\" data-element_type=\"widget\" data-e-type=\"widget\" data-widget_type=\"text-editor.default\">\n\t\t\t\t<div class=\"elementor-widget-container\">\n\t\t\t\t\t\t\t\t\t<p>korzystaj bez limit\u00f3w z wszystkiego, co oferuje JuraPark i Park Nauki i Ewolucji Cz\u0142owieka<\/p>\t\t\t\t\t\t\t\t<\/div>\n\t\t\t\t<\/div>\n\t\t\t\t<div class=\"elementor-element elementor-element-195572d elementor-widget elementor-widget-heading\" data-id=\"195572d\" data-element_type=\"widget\" data-e-type=\"widget\" data-widget_type=\"heading.default\">\n\t\t\t\t<div class=\"elementor-widget-container\">\n\t\t\t\t\t<h4 class=\"elementor-heading-title elementor-size-default\">Nieprzeci\u0119tna zabawa<\/h4>\t\t\t\t<\/div>\n\t\t\t\t<\/div>\n\t\t\t\t<div class=\"elementor-element elementor-element-1b9df2c elementor-widget elementor-widget-text-editor\" data-id=\"1b9df2c\" data-element_type=\"widget\" data-e-type=\"widget\" data-widget_type=\"text-editor.default\">\n\t\t\t\t<div class=\"elementor-widget-container\">\n\t\t\t\t\t\t\t\t\t<p>oddaj si\u0119 w r\u0119ce naszych do\u015bwiadczonych animator\u00f3w. Czeka na Was bogaty program pe\u0142en gier, animacji i kreatywnych warsztat\u00f3w.<\/p>\t\t\t\t\t\t\t\t<\/div>\n\t\t\t\t<\/div>\n\t\t\t\t<div class=\"elementor-element elementor-element-f2690a6 elementor-widget elementor-widget-heading\" data-id=\"f2690a6\" data-element_type=\"widget\" data-e-type=\"widget\" data-widget_type=\"heading.default\">\n\t\t\t\t<div class=\"elementor-widget-container\">\n\t\t\t\t\t<h4 class=\"elementor-heading-title elementor-size-default\">Kulinarne doznania<\/h4>\t\t\t\t<\/div>\n\t\t\t\t<\/div>\n\t\t\t\t<div class=\"elementor-element elementor-element-ecaafc9 elementor-widget elementor-widget-text-editor\" data-id=\"ecaafc9\" data-element_type=\"widget\" data-e-type=\"widget\" data-widget_type=\"text-editor.default\">\n\t\t\t\t<div class=\"elementor-widget-container\">\n\t\t\t\t\t\t\t\t\t<p>pe\u0142ne wy\u017cywienie zapewni Ci energi\u0119 na ca\u0142y dzie\u0144.<\/p>\t\t\t\t\t\t\t\t<\/div>\n\t\t\t\t<\/div>\n\t\t\t\t<\/div>\n\t\t<div class=\"elementor-element elementor-element-bb80697 e-con-full e-flex e-con e-child\" data-id=\"bb80697\" data-element_type=\"container\" data-e-type=\"container\" data-settings=\"{&quot;background_background&quot;:&quot;classic&quot;}\">\n\t\t\t\t<div class=\"elementor-element elementor-element-52ea825 elementor-widget elementor-widget-image\" data-id=\"52ea825\" data-element_type=\"widget\" data-e-type=\"widget\" data-widget_type=\"image.default\">\n\t\t\t\t<div class=\"elementor-widget-container\">\n\t\t\t\t\t\t\t\t\t\t\t\t\t\t\t<img loading=\"lazy\" decoding=\"async\" loading=\"lazy\" width=\"800\" height=\"450\" src=\"https:\/\/juraparkkrasiejow.pl\/wycieczki-szkolne\/wp-content\/uploads\/2025\/02\/sciezka-dino-3-1-1024x576.jpg\" class=\"attachment-large size-large wp-image-1756\" alt=\"\" srcset=\"https:\/\/juraparkkrasiejow.pl\/wycieczki-szkolne\/wp-content\/uploads\/2025\/02\/sciezka-dino-3-1-1024x576.jpg 1024w, https:\/\/juraparkkrasiejow.pl\/wycieczki-szkolne\/wp-content\/uploads\/2025\/02\/sciezka-dino-3-1-300x169.jpg 300w, https:\/\/juraparkkrasiejow.pl\/wycieczki-szkolne\/wp-content\/uploads\/2025\/02\/sciezka-dino-3-1-768x432.jpg 768w, https:\/\/juraparkkrasiejow.pl\/wycieczki-szkolne\/wp-content\/uploads\/2025\/02\/sciezka-dino-3-1-1536x864.jpg 1536w, https:\/\/juraparkkrasiejow.pl\/wycieczki-szkolne\/wp-content\/uploads\/2025\/02\/sciezka-dino-3-1-2048x1152.jpg 2048w\" sizes=\"auto, (max-width: 800px) 100vw, 800px\" \/>\t\t\t\t\t\t\t\t\t\t\t\t\t\t\t<\/div>\n\t\t\t\t<\/div>\n\t\t\t\t<div class=\"elementor-element elementor-element-f658393 elementor-widget elementor-widget-image\" data-id=\"f658393\" data-element_type=\"widget\" data-e-type=\"widget\" data-widget_type=\"image.default\">\n\t\t\t\t<div class=\"elementor-widget-container\">\n\t\t\t\t\t\t\t\t\t\t\t\t\t\t\t<img loading=\"lazy\" decoding=\"async\" loading=\"lazy\" width=\"800\" height=\"450\" src=\"https:\/\/juraparkkrasiejow.pl\/wycieczki-szkolne\/wp-content\/uploads\/2025\/02\/plac-zabaw-1-1024x576.jpg\" class=\"attachment-large size-large wp-image-1757\" alt=\"\" srcset=\"https:\/\/juraparkkrasiejow.pl\/wycieczki-szkolne\/wp-content\/uploads\/2025\/02\/plac-zabaw-1-1024x576.jpg 1024w, https:\/\/juraparkkrasiejow.pl\/wycieczki-szkolne\/wp-content\/uploads\/2025\/02\/plac-zabaw-1-300x169.jpg 300w, https:\/\/juraparkkrasiejow.pl\/wycieczki-szkolne\/wp-content\/uploads\/2025\/02\/plac-zabaw-1-768x432.jpg 768w, https:\/\/juraparkkrasiejow.pl\/wycieczki-szkolne\/wp-content\/uploads\/2025\/02\/plac-zabaw-1-1536x864.jpg 1536w, https:\/\/juraparkkrasiejow.pl\/wycieczki-szkolne\/wp-content\/uploads\/2025\/02\/plac-zabaw-1-2048x1152.jpg 2048w\" sizes=\"auto, (max-width: 800px) 100vw, 800px\" \/>\t\t\t\t\t\t\t\t\t\t\t\t\t\t\t<\/div>\n\t\t\t\t<\/div>\n\t\t\t\t<\/div>\n\t\t<div class=\"elementor-element elementor-element-db0f610 e-con-full e-flex e-con e-child\" data-id=\"db0f610\" data-element_type=\"container\" data-e-type=\"container\" data-settings=\"{&quot;background_background&quot;:&quot;classic&quot;}\">\n\t\t\t\t<div class=\"elementor-element elementor-element-d78dc01 elementor-widget elementor-widget-image\" data-id=\"d78dc01\" data-element_type=\"widget\" data-e-type=\"widget\" data-widget_type=\"image.default\">\n\t\t\t\t<div class=\"elementor-widget-container\">\n\t\t\t\t\t\t\t\t\t\t\t\t\t\t\t<img loading=\"lazy\" decoding=\"async\" loading=\"lazy\" width=\"800\" height=\"450\" src=\"https:\/\/juraparkkrasiejow.pl\/wycieczki-szkolne\/wp-content\/uploads\/2025\/02\/warsztaty-sztuka-2-1-1024x576.jpg\" class=\"attachment-large size-large wp-image-1758\" alt=\"\" srcset=\"https:\/\/juraparkkrasiejow.pl\/wycieczki-szkolne\/wp-content\/uploads\/2025\/02\/warsztaty-sztuka-2-1-1024x576.jpg 1024w, https:\/\/juraparkkrasiejow.pl\/wycieczki-szkolne\/wp-content\/uploads\/2025\/02\/warsztaty-sztuka-2-1-300x169.jpg 300w, https:\/\/juraparkkrasiejow.pl\/wycieczki-szkolne\/wp-content\/uploads\/2025\/02\/warsztaty-sztuka-2-1-768x432.jpg 768w, https:\/\/juraparkkrasiejow.pl\/wycieczki-szkolne\/wp-content\/uploads\/2025\/02\/warsztaty-sztuka-2-1-1536x864.jpg 1536w, https:\/\/juraparkkrasiejow.pl\/wycieczki-szkolne\/wp-content\/uploads\/2025\/02\/warsztaty-sztuka-2-1-2048x1152.jpg 2048w\" sizes=\"auto, (max-width: 800px) 100vw, 800px\" \/>\t\t\t\t\t\t\t\t\t\t\t\t\t\t\t<\/div>\n\t\t\t\t<\/div>\n\t\t\t\t<div class=\"elementor-element elementor-element-ac35ab4 elementor-widget elementor-widget-image\" data-id=\"ac35ab4\" data-element_type=\"widget\" data-e-type=\"widget\" data-widget_type=\"image.default\">\n\t\t\t\t<div class=\"elementor-widget-container\">\n\t\t\t\t\t\t\t\t\t\t\t\t\t\t\t<img loading=\"lazy\" decoding=\"async\" loading=\"lazy\" width=\"800\" height=\"450\" src=\"https:\/\/juraparkkrasiejow.pl\/wycieczki-szkolne\/wp-content\/uploads\/2025\/02\/park-nauki8-1-1024x576.jpg\" class=\"attachment-large size-large wp-image-1759\" alt=\"\" srcset=\"https:\/\/juraparkkrasiejow.pl\/wycieczki-szkolne\/wp-content\/uploads\/2025\/02\/park-nauki8-1-1024x576.jpg 1024w, https:\/\/juraparkkrasiejow.pl\/wycieczki-szkolne\/wp-content\/uploads\/2025\/02\/park-nauki8-1-300x169.jpg 300w, https:\/\/juraparkkrasiejow.pl\/wycieczki-szkolne\/wp-content\/uploads\/2025\/02\/park-nauki8-1-768x432.jpg 768w, https:\/\/juraparkkrasiejow.pl\/wycieczki-szkolne\/wp-content\/uploads\/2025\/02\/park-nauki8-1-1536x864.jpg 1536w, https:\/\/juraparkkrasiejow.pl\/wycieczki-szkolne\/wp-content\/uploads\/2025\/02\/park-nauki8-1.jpg 1600w\" sizes=\"auto, (max-width: 800px) 100vw, 800px\" \/>\t\t\t\t\t\t\t\t\t\t\t\t\t\t\t<\/div>\n\t\t\t\t<\/div>\n\t\t\t\t<\/div>\n\t\t<div class=\"elementor-element elementor-element-bbd5978 e-con-full e-flex e-con e-child\" data-id=\"bbd5978\" data-element_type=\"container\" data-e-type=\"container\" data-settings=\"{&quot;background_background&quot;:&quot;classic&quot;}\">\n\t\t\t\t<div class=\"elementor-element elementor-element-8b86104 elementor-widget elementor-widget-heading\" data-id=\"8b86104\" data-element_type=\"widget\" data-e-type=\"widget\" data-widget_type=\"heading.default\">\n\t\t\t\t<div class=\"elementor-widget-container\">\n\t\t\t\t\t<h4 class=\"elementor-heading-title elementor-size-default\">Chwile integracji<\/h4>\t\t\t\t<\/div>\n\t\t\t\t<\/div>\n\t\t\t\t<div class=\"elementor-element elementor-element-48adfa8 elementor-widget__width-inherit elementor-widget elementor-widget-text-editor\" data-id=\"48adfa8\" data-element_type=\"widget\" data-e-type=\"widget\" data-widget_type=\"text-editor.default\">\n\t\t\t\t<div class=\"elementor-widget-container\">\n\t\t\t\t\t\t\t\t\t<p>poczuj magi\u0119 sp\u0119dzenia wsp\u00f3lnego czasu przy ognisku.<\/p>\t\t\t\t\t\t\t\t<\/div>\n\t\t\t\t<\/div>\n\t\t\t\t<div class=\"elementor-element elementor-element-8113ef0 elementor-widget elementor-widget-heading\" data-id=\"8113ef0\" data-element_type=\"widget\" data-e-type=\"widget\" data-widget_type=\"heading.default\">\n\t\t\t\t<div class=\"elementor-widget-container\">\n\t\t\t\t\t<h4 class=\"elementor-heading-title elementor-size-default\">Odkrywaj lokalne pere\u0142ki<\/h4>\t\t\t\t<\/div>\n\t\t\t\t<\/div>\n\t\t\t\t<div class=\"elementor-element elementor-element-51835bc elementor-widget__width-inherit elementor-widget elementor-widget-text-editor\" data-id=\"51835bc\" data-element_type=\"widget\" data-e-type=\"widget\" data-widget_type=\"text-editor.default\">\n\t\t\t\t<div class=\"elementor-widget-container\">\n\t\t\t\t\t\t\t\t\t<p>w ramach wyjazdu proponujemy fakultatywne wycieczki do blisko po\u0142o\u017conych atrakcji, takich jak s\u0142ynny Zamek w Mosznej, Stolica Polskiej Piosenki \u2013 Opole \u2013 ze swoimi licznymi atrakcjami, m.in. Muzeum Polskiej Piosenki, Ogrodem Zoologicznym i Opolsk\u0105 Wenecj\u0105 lub aktywny wypoczynek na kajakach niesionych nurtem Opolskiej Amazonki.<\/p>\t\t\t\t\t\t\t\t<\/div>\n\t\t\t\t<\/div>\n\t\t\t\t<div class=\"elementor-element elementor-element-c985494 elementor-widget elementor-widget-heading\" data-id=\"c985494\" data-element_type=\"widget\" data-e-type=\"widget\" data-widget_type=\"heading.default\">\n\t\t\t\t<div class=\"elementor-widget-container\">\n\t\t\t\t\t<h4 class=\"elementor-heading-title elementor-size-default\">Bezpiecze\u0144stwo przede wszystkim<\/h4>\t\t\t\t<\/div>\n\t\t\t\t<\/div>\n\t\t\t\t<div class=\"elementor-element elementor-element-4e97302 elementor-widget__width-inherit elementor-widget elementor-widget-text-editor\" data-id=\"4e97302\" data-element_type=\"widget\" data-e-type=\"widget\" data-widget_type=\"text-editor.default\">\n\t\t\t\t<div class=\"elementor-widget-container\">\n\t\t\t\t\t\t\t\t\t<p>jeste\u015b pod opiek\u0105 profesjonalnej kadry \u2013 przewodnik\u00f3w, opiekun\u00f3w i animator\u00f3w.<\/p>\t\t\t\t\t\t\t\t<\/div>\n\t\t\t\t<\/div>\n\t\t\t\t<div class=\"elementor-element elementor-element-94dc826 elementor-widget elementor-widget-heading\" data-id=\"94dc826\" data-element_type=\"widget\" data-e-type=\"widget\" data-widget_type=\"heading.default\">\n\t\t\t\t<div class=\"elementor-widget-container\">\n\t\t\t\t\t<h4 class=\"elementor-heading-title elementor-size-default\">NOCNA PRZYGODA<\/h4>\t\t\t\t<\/div>\n\t\t\t\t<\/div>\n\t\t\t\t<div class=\"elementor-element elementor-element-b4512ab elementor-widget__width-inherit elementor-widget elementor-widget-text-editor\" data-id=\"b4512ab\" data-element_type=\"widget\" data-e-type=\"widget\" data-widget_type=\"text-editor.default\">\n\t\t\t\t<div class=\"elementor-widget-container\">\n\t\t\t\t\t\t\t\t\t<p>To ekscytuj\u0105ce wydarzenie dla odwa\u017cnych dzieci, kt\u00f3re chc\u0105 prze\u017cy\u0107 niezapomniane emocje w sercu mrocznego parku. Uczestnicy, zamkni\u0119ci na terenie obiektu po zmroku, b\u0119d\u0105 musieli rozwi\u0105za\u0107 szereg zagadek i odszyfrowa\u0107 tajemnicze kody ukryte w cieniu parkowych \u015bcie\u017cek. Ich celem b\u0119dzie u\u0142o\u017cenie szyfru, kt\u00f3ry otworzy drog\u0119 do wolno\u015bci, a w ciemno\u015bciach na ka\u017cdym kroku czuwa tajemnicza posta\u0107, kt\u00f3ra testuje ich odwag\u0119, dodaj\u0105c przygodzie dreszczyku emocji.<\/p>\t\t\t\t\t\t\t\t<\/div>\n\t\t\t\t<\/div>\n\t\t\t\t<\/div>\n\t\t\t\t\t<\/div>\n\t\t\t\t<\/div>\n\t\t<div class=\"elementor-element elementor-element-c49daf4 e-flex e-con-boxed e-con e-parent\" data-id=\"c49daf4\" data-element_type=\"container\" data-e-type=\"container\">\n\t\t\t\t\t<div class=\"e-con-inner\">\n\t\t<div class=\"elementor-element elementor-element-afb7441 e-con-full e-flex e-con e-child\" data-id=\"afb7441\" data-element_type=\"container\" data-e-type=\"container\" data-settings=\"{&quot;background_background&quot;:&quot;classic&quot;}\">\n\t\t\t\t<div class=\"elementor-element elementor-element-3d160b3 elementor-widget__width-inherit elementor-widget elementor-widget-text-editor\" data-id=\"3d160b3\" data-element_type=\"widget\" data-e-type=\"widget\" data-widget_type=\"text-editor.default\">\n\t\t\t\t<div class=\"elementor-widget-container\">\n\t\t\t\t\t\t\t\t\t<p><strong>INFORMACJE I REZERWACJE:<\/strong><\/p><p>Tel. 77 46 54\u00a0816 \u00a0lub \u00a0506\u00a0998\u00a0789<\/p><p>Email: <a href=\"mailto:noclegi@juraparkkrasiejow.pl\">noclegi@juraparkkrasiejow.pl<\/a><\/p>\t\t\t\t\t\t\t\t<\/div>\n\t\t\t\t<\/div>\n\t\t\t\t<\/div>\n\t\t\t\t\t<\/div>\n\t\t\t\t<\/div>\n\t\t\t\t<\/div>\n\t\t","protected":false},"excerpt":{"rendered":"<p>Zielona Szko\u0142a 2-dniowe i 3-dniowe wycieczki integracyjne Razem stw\u00f3rzmy niezapomniane wspomnienia! Wszystko na miejscu: atrakcje, noclegi, gastronomia. Komfortowy wypoczynek wygodne pokoje czekaj\u0105 na Ciebie w naszej bazie noclegowej na terenie Parku Nauki i Ewolucji Cz\u0142owieka. Atrakcje bez ko\u0144ca korzystaj bez limit\u00f3w z wszystkiego, co oferuje JuraPark i Park Nauki i Ewolucji Cz\u0142owieka Nieprzeci\u0119tna zabawa oddaj [&hellip;]<\/p>\n","protected":false},"author":2,"featured_media":0,"parent":0,"menu_order":0,"comment_status":"closed","ping_status":"closed","template":"","meta":{"footnotes":""},"class_list":["post-979","page","type-page","status-publish","hentry"],"_links":{"self":[{"href":"https:\/\/juraparkkrasiejow.pl\/wycieczki-szkolne\/wp-json\/wp\/v2\/pages\/979","targetHints":{"allow":["GET"]}}],"collection":[{"href":"https:\/\/juraparkkrasiejow.pl\/wycieczki-szkolne\/wp-json\/wp\/v2\/pages"}],"about":[{"href":"https:\/\/juraparkkrasiejow.pl\/wycieczki-szkolne\/wp-json\/wp\/v2\/types\/page"}],"author":[{"embeddable":true,"href":"https:\/\/juraparkkrasiejow.pl\/wycieczki-szkolne\/wp-json\/wp\/v2\/users\/2"}],"replies":[{"embeddable":true,"href":"https:\/\/juraparkkrasiejow.pl\/wycieczki-szkolne\/wp-json\/wp\/v2\/comments?post=979"}],"version-history":[{"count":22,"href":"https:\/\/juraparkkrasiejow.pl\/wycieczki-szkolne\/wp-json\/wp\/v2\/pages\/979\/revisions"}],"predecessor-version":[{"id":1762,"href":"https:\/\/juraparkkrasiejow.pl\/wycieczki-szkolne\/wp-json\/wp\/v2\/pages\/979\/revisions\/1762"}],"wp:attachment":[{"href":"https:\/\/juraparkkrasiejow.pl\/wycieczki-szkolne\/wp-json\/wp\/v2\/media?parent=979"}],"curies":[{"name":"wp","href":"https:\/\/api.w.org\/{rel}","templated":true}]}}